{"id":3918,"date":"2025-09-30T20:19:33","date_gmt":"2025-09-30T20:19:33","guid":{"rendered":"https:\/\/ceu16.edu.mx\/educon\/?post_type=product&#038;p=3918"},"modified":"2025-09-30T20:19:34","modified_gmt":"2025-09-30T20:19:34","slug":"taller-especializado-minitab-para-principiantes","status":"publish","type":"product","link":"https:\/\/ceu16.edu.mx\/educon\/producto\/taller-especializado-minitab-para-principiantes\/","title":{"rendered":"Taller especializado &#8211; Minitab para principiantes"},"content":{"rendered":"<div class=\"et-l et-l--post\">\n\t\t\t<div class=\"et_builder_inner_content et_pb_gutters3\">\n\t\t\n\t\t<\/div><!-- .et_builder_inner_content -->\n\t<\/div><!-- .et-l -->\n\t","protected":false},"excerpt":{"rendered":"<p><strong>Modalidad:<\/strong><\/p>\n<p>Presencial<\/p>\n<p><strong>Horarios:<\/strong><\/p>\n<p>S\u00e1bado 4 de octubre: 12:00 p.m. a 4:00 p.m. (4 horas)<\/p>\n<p>S\u00e1bado 11 de octubre: 12:00 p.m. a 4:00 p.m. (4 horas)<\/p>\n<p>S\u00e1bado 18 de octubre: 12:00 p.m. a 4:00 p.m. (4 horas)<\/p>\n<p>S\u00e1bado 25 de octubre: 12:00 p.m. a 3:00 p.m. (3 horas)<\/p>\n<p><strong>Objetivo:<\/strong><\/p>\n<p>Al finalizar el curso, el participante ser\u00e1 capaz de realizar an\u00e1lisis estad\u00edsticos b\u00e1sicos y generar gr\u00e1ficos de control utilizando el software Minitab, para interpretar y presentar los resultados de manera efectiva.<\/p>\n<p><strong>Incluye:<\/strong><\/p>\n<p>Constancia con validez oficial<\/p>\n","protected":false},"featured_media":3921,"comment_status":"open","ping_status":"closed","template":"","meta":{"_et_pb_use_builder":"","_et_pb_old_content":"","_et_gb_content_width":"","spay_email":""},"_links":{"self":[{"href":"https:\/\/ceu16.edu.mx\/educon\/wp-json\/wp\/v2\/product\/3918"}],"collection":[{"href":"https:\/\/ceu16.edu.mx\/educon\/wp-json\/wp\/v2\/product"}],"about":[{"href":"https:\/\/ceu16.edu.mx\/educon\/wp-json\/wp\/v2\/types\/product"}],"replies":[{"embeddable":true,"href":"https:\/\/ceu16.edu.mx\/educon\/wp-json\/wp\/v2\/comments?post=3918"}],"wp:featuredmedia":[{"embeddable":true,"href":"https:\/\/ceu16.edu.mx\/educon\/wp-json\/wp\/v2\/media\/3921"}],"wp:attachment":[{"href":"https:\/\/ceu16.edu.mx\/educon\/wp-json\/wp\/v2\/media?parent=3918"}],"curies":[{"name":"wp","href":"https:\/\/api.w.org\/{rel}","templated":true}]}}