{"id":3987,"date":"2025-10-15T00:22:30","date_gmt":"2025-10-15T00:22:30","guid":{"rendered":"https:\/\/ceu16.edu.mx\/educon\/?post_type=product&#038;p=3987"},"modified":"2026-02-06T21:51:23","modified_gmt":"2026-02-06T21:51:23","slug":"taller-especializado-introduccion-al-diseno-asistido-por-computadora-con-solidworks","status":"publish","type":"product","link":"https:\/\/ceu16.edu.mx\/educon\/producto\/taller-especializado-introduccion-al-diseno-asistido-por-computadora-con-solidworks\/","title":{"rendered":"Taller especializado &#8211; Introducci\u00f3n al Dise\u00f1o Asistido por Computadora con SolidWorks"},"content":{"rendered":"<div class=\"et-l et-l--post\">\n\t\t\t<div class=\"et_builder_inner_content et_pb_gutters3\">\n\t\t\n\t\t<\/div><!-- .et_builder_inner_content -->\n\t<\/div><!-- .et-l -->\n\t","protected":false},"excerpt":{"rendered":"<p><strong>Modalidad<\/strong><\/p>\n<p>Presencial<\/p>\n<p><strong>Fechas<\/strong><\/p>\n<p>lunes 16 de febrero 12:30 pm &#8211; 5:30 pm<\/p>\n<p>mi\u00e9rcoles 18 de febrero 12:30 pm &#8211; 5:30 pm<\/p>\n<p><span style=\"font-weight: 600;\">Objetivo<\/span><\/p>\n<p><span style=\"font-weight: 400;\">Brindar a los participantes los conocimientos fundamentales sobre el uso de SolidWorks para el dise\u00f1o asistido por computadora, permiti\u00e9ndoles crear modelos tridimensionales b\u00e1sicos, interpretar planos y comprender los principios esenciales del modelado param\u00e9trico. Al finalizar el curso, los alumnos ser\u00e1n capaces de utilizar herramientas b\u00e1sicas del software para desarrollar piezas y leer planos t\u00e9cnicos de manera eficiente.<\/span><\/p>\n<p><strong>Incluye<\/strong><\/p>\n<p>Constancia con validez oficial<\/p>\n","protected":false},"featured_media":4296,"comment_status":"open","ping_status":"closed","template":"","meta":{"_et_pb_use_builder":"","_et_pb_old_content":"","_et_gb_content_width":"","spay_email":""},"_links":{"self":[{"href":"https:\/\/ceu16.edu.mx\/educon\/wp-json\/wp\/v2\/product\/3987"}],"collection":[{"href":"https:\/\/ceu16.edu.mx\/educon\/wp-json\/wp\/v2\/product"}],"about":[{"href":"https:\/\/ceu16.edu.mx\/educon\/wp-json\/wp\/v2\/types\/product"}],"replies":[{"embeddable":true,"href":"https:\/\/ceu16.edu.mx\/educon\/wp-json\/wp\/v2\/comments?post=3987"}],"wp:featuredmedia":[{"embeddable":true,"href":"https:\/\/ceu16.edu.mx\/educon\/wp-json\/wp\/v2\/media\/4296"}],"wp:attachment":[{"href":"https:\/\/ceu16.edu.mx\/educon\/wp-json\/wp\/v2\/media?parent=3987"}],"curies":[{"name":"wp","href":"https:\/\/api.w.org\/{rel}","templated":true}]}}