{"id":4275,"date":"2026-02-03T23:28:56","date_gmt":"2026-02-03T23:28:56","guid":{"rendered":"https:\/\/ceu16.edu.mx\/educon\/?post_type=product&#038;p=4275"},"modified":"2026-02-07T03:34:59","modified_gmt":"2026-02-07T03:34:59","slug":"taller-especializado-soldadura-intermedia-gtaw-en-acero","status":"publish","type":"product","link":"https:\/\/ceu16.edu.mx\/educon\/producto\/taller-especializado-soldadura-intermedia-gtaw-en-acero\/","title":{"rendered":"Taller especializado &#8211; Soldadura Intermedia GTAW EN ACERO"},"content":{"rendered":"<div class=\"et-l et-l--post\">\n\t\t\t<div class=\"et_builder_inner_content et_pb_gutters3\">\n\t\t\n\t\t<\/div><!-- .et_builder_inner_content -->\n\t<\/div><!-- .et-l -->\n\t","protected":false},"excerpt":{"rendered":"<p><strong>Modalidad:<\/strong><br \/>\nPresencial<\/p>\n<p><strong>Sesiones los d\u00edas:<\/strong><i><span style=\"font-weight: 600;\"><br \/>\n<\/span><\/i>Lunes 9 de febrero<br \/>\nMartes 10 de febrero<\/p>\n<p><b>Objetivo:<br \/>\n<\/b><span style=\"font-weight: 400;\">Que los participantes conozcan el proceso de soldadura de arco el\u00e9ctrico gtaw, as\u00ed como la configuraci\u00f3n de la m\u00e1quina de soldar.<\/span><\/p>\n<p><span style=\"font-weight: 600;\">Docente:<\/span><span style=\"font-weight: 600;\"><br \/>\n<\/span><b><\/b>Yugomir M\u00e9ndez Sep\u00falveda<b><\/b><\/p>\n<p><b>Incluye:<br \/>\n<\/b>Constancia con validez oficial<\/p>\n","protected":false},"featured_media":4278,"comment_status":"open","ping_status":"closed","template":"","meta":{"_et_pb_use_builder":"","_et_pb_old_content":"","_et_gb_content_width":"","spay_email":""},"_links":{"self":[{"href":"https:\/\/ceu16.edu.mx\/educon\/wp-json\/wp\/v2\/product\/4275"}],"collection":[{"href":"https:\/\/ceu16.edu.mx\/educon\/wp-json\/wp\/v2\/product"}],"about":[{"href":"https:\/\/ceu16.edu.mx\/educon\/wp-json\/wp\/v2\/types\/product"}],"replies":[{"embeddable":true,"href":"https:\/\/ceu16.edu.mx\/educon\/wp-json\/wp\/v2\/comments?post=4275"}],"wp:featuredmedia":[{"embeddable":true,"href":"https:\/\/ceu16.edu.mx\/educon\/wp-json\/wp\/v2\/media\/4278"}],"wp:attachment":[{"href":"https:\/\/ceu16.edu.mx\/educon\/wp-json\/wp\/v2\/media?parent=4275"}],"curies":[{"name":"wp","href":"https:\/\/api.w.org\/{rel}","templated":true}]}}