{"id":4281,"date":"2026-02-03T23:38:15","date_gmt":"2026-02-03T23:38:15","guid":{"rendered":"https:\/\/ceu16.edu.mx\/educon\/?post_type=product&#038;p=4281"},"modified":"2026-02-27T01:05:41","modified_gmt":"2026-02-27T01:05:41","slug":"taller-especializado-uso-y-manejo-de-maquinaria-cnc","status":"publish","type":"product","link":"https:\/\/ceu16.edu.mx\/educon\/producto\/taller-especializado-uso-y-manejo-de-maquinaria-cnc\/","title":{"rendered":"Taller especializado &#8211;  Uso y manejo de maquinaria CNC"},"content":{"rendered":"<div class=\"et-l et-l--post\">\n\t\t\t<div class=\"et_builder_inner_content et_pb_gutters3\">\n\t\t\n\t\t<\/div><!-- .et_builder_inner_content -->\n\t<\/div><!-- .et-l -->\n\t","protected":false},"excerpt":{"rendered":"<p><b>Modalidad<\/b><span style=\"font-weight: 400;\">:<br \/>\n<\/span>Presencial<\/p>\n<p><b>Sesiones los d\u00edas (<\/b><strong>martes):<\/strong><i><span style=\"font-weight: 600;\"><br \/>\n<\/span><\/i><\/p>\n<ul>\n<li><span style=\"font-weight: 400;\">3 de marzo<\/span><\/li>\n<li><span style=\"font-weight: 400;\">10 de marzo<\/span><\/li>\n<li><span style=\"font-weight: 400;\">17 de marzo<\/span><\/li>\n<li><span style=\"font-weight: 400;\">24 de marzo<\/span><\/li>\n<\/ul>\n<p><span style=\"font-weight: 400;\"><strong>Horario:<\/strong><br \/>\n<\/span><span style=\"font-weight: 400;\">4pm &#8211; 7:00pm<\/span><\/p>\n<p><span style=\"font-weight: 600;\">Objetivo:<br \/>\n<\/span><span style=\"font-weight: 400;\">Comprender los principios de funcionamiento de las m\u00e1quinas CNC, como fresadoras, tornos y centros de mecanizado, y c\u00f3mo estos sistemas son controlados por computadoras.<br \/>\n<\/span><span style=\"font-weight: 400;\">Adquirir habilidades pr\u00e1cticas en la programaci\u00f3n y operaci\u00f3n de equipos CNC, garantizando que los participantes puedan realizar ajustes, configuraciones y mantenimiento b\u00e1sico.<br \/>\n<\/span><span style=\"font-weight: 400;\">Aplicar normas de seguridad al operar maquinaria CNC para prevenir accidentes y garantizar un entorno de trabajo seguro.<br \/>\n<\/span><span style=\"font-weight: 400;\">Optimizar los procesos de producci\u00f3n mediante el uso adecuado de las herramientas CNC, mejorando la precisi\u00f3n, eficiencia y la calidad de los productos fabricados.<br \/>\n<\/span><span style=\"font-weight: 400;\">Desarrollar habilidades en el dise\u00f1o de programas CNC, comprendiendo el uso de software de programaci\u00f3n y simuladores.<\/span><\/p>\n<p><span style=\"font-weight: 600;\"><strong>Docente:\u00a0<\/strong><br \/>\n<\/span>Jes\u00fas Rivera Martinez<\/p>\n<p><span style=\"font-weight: 600;\">Incluye:<br \/>\n<\/span>Constancia con validez oficial<\/p>\n","protected":false},"featured_media":4381,"comment_status":"open","ping_status":"closed","template":"","meta":{"_et_pb_use_builder":"","_et_pb_old_content":"","_et_gb_content_width":"","spay_email":""},"_links":{"self":[{"href":"https:\/\/ceu16.edu.mx\/educon\/wp-json\/wp\/v2\/product\/4281"}],"collection":[{"href":"https:\/\/ceu16.edu.mx\/educon\/wp-json\/wp\/v2\/product"}],"about":[{"href":"https:\/\/ceu16.edu.mx\/educon\/wp-json\/wp\/v2\/types\/product"}],"replies":[{"embeddable":true,"href":"https:\/\/ceu16.edu.mx\/educon\/wp-json\/wp\/v2\/comments?post=4281"}],"wp:featuredmedia":[{"embeddable":true,"href":"https:\/\/ceu16.edu.mx\/educon\/wp-json\/wp\/v2\/media\/4381"}],"wp:attachment":[{"href":"https:\/\/ceu16.edu.mx\/educon\/wp-json\/wp\/v2\/media?parent=4281"}],"curies":[{"name":"wp","href":"https:\/\/api.w.org\/{rel}","templated":true}]}}