{"id":4442,"date":"2026-03-05T00:05:32","date_gmt":"2026-03-05T00:05:32","guid":{"rendered":"https:\/\/ceu16.edu.mx\/educon\/?post_type=product&#038;p=4442"},"modified":"2026-03-05T00:05:34","modified_gmt":"2026-03-05T00:05:34","slug":"curso-aleman","status":"publish","type":"product","link":"https:\/\/ceu16.edu.mx\/educon\/producto\/curso-aleman\/","title":{"rendered":"Curso de Aleman"},"content":{"rendered":"<div class=\"et-l et-l--post\">\n\t\t\t<div class=\"et_builder_inner_content et_pb_gutters3\">\n\t\t\n\t\t<\/div><!-- .et_builder_inner_content -->\n\t<\/div><!-- .et-l -->\n\t","protected":false},"excerpt":{"rendered":"<p><strong>Descripci\u00f3n del Programa:<\/strong> Programa de alem\u00e1n est\u00e1 dise\u00f1ado para que el estudiante logre un dominio progresivo del idioma hasta alcanzar el nivel B1, permiti\u00e9ndole desempe\u00f1arse en Alemania tanto en situaciones cotidianas como laborales. Modalidad Online: Lunes a jueves. Viernes: Pr\u00e1ctica guiada en plataforma.<\/p>\n<p><strong>Nivel principiante<\/strong><\/p>\n<p>\u26a0\ufe0f <em>Antes de realizar su pago, favor inscribirse a la lista de espera en el siguiente n\u00famero de WhatsApp: 686-283-0299 <\/em><\/p>\n","protected":false},"featured_media":4443,"comment_status":"open","ping_status":"closed","template":"","meta":{"_et_pb_use_builder":"","_et_pb_old_content":"","_et_gb_content_width":"","spay_email":""},"_links":{"self":[{"href":"https:\/\/ceu16.edu.mx\/educon\/wp-json\/wp\/v2\/product\/4442"}],"collection":[{"href":"https:\/\/ceu16.edu.mx\/educon\/wp-json\/wp\/v2\/product"}],"about":[{"href":"https:\/\/ceu16.edu.mx\/educon\/wp-json\/wp\/v2\/types\/product"}],"replies":[{"embeddable":true,"href":"https:\/\/ceu16.edu.mx\/educon\/wp-json\/wp\/v2\/comments?post=4442"}],"wp:featuredmedia":[{"embeddable":true,"href":"https:\/\/ceu16.edu.mx\/educon\/wp-json\/wp\/v2\/media\/4443"}],"wp:attachment":[{"href":"https:\/\/ceu16.edu.mx\/educon\/wp-json\/wp\/v2\/media?parent=4442"}],"curies":[{"name":"wp","href":"https:\/\/api.w.org\/{rel}","templated":true}]}}