{"id":4496,"date":"2026-03-17T23:27:48","date_gmt":"2026-03-17T23:27:48","guid":{"rendered":"https:\/\/ceu16.edu.mx\/educon\/?post_type=product&#038;p=4496"},"modified":"2026-03-17T23:32:36","modified_gmt":"2026-03-17T23:32:36","slug":"curacion-y-deteccion-oportuna-de-pie-diabetico","status":"publish","type":"product","link":"https:\/\/ceu16.edu.mx\/educon\/producto\/curacion-y-deteccion-oportuna-de-pie-diabetico\/","title":{"rendered":"Curaci\u00f3n y detecci\u00f3n oportuna de pie diab\u00e9tico"},"content":{"rendered":"<div class=\"et-l et-l--post\">\n\t\t\t<div class=\"et_builder_inner_content et_pb_gutters3\">\n\t\t\n\t\t<\/div><!-- .et_builder_inner_content -->\n\t<\/div><!-- .et-l -->\n\t","protected":false},"excerpt":{"rendered":"<p><strong>Descripci\u00f3n<\/strong>: Dirigido a personal de salud.<\/p>\n<p><strong>Modalidad<\/strong>: H\u00edbrida<\/p>\n<p><strong>Inicio<\/strong>: 11 de abril<\/p>\n<p><strong>Finaliza<\/strong>: 02 de mayo<\/p>\n<p><b>Horario: <\/b><span style=\"font-weight: 400;\">8:00 am a 12:00 pm<\/span><\/p>\n<p><strong>Incluye<\/strong>: Marial y constancia<\/p>\n","protected":false},"featured_media":4497,"comment_status":"open","ping_status":"closed","template":"","meta":{"_et_pb_use_builder":"","_et_pb_old_content":"","_et_gb_content_width":"","spay_email":""},"_links":{"self":[{"href":"https:\/\/ceu16.edu.mx\/educon\/wp-json\/wp\/v2\/product\/4496"}],"collection":[{"href":"https:\/\/ceu16.edu.mx\/educon\/wp-json\/wp\/v2\/product"}],"about":[{"href":"https:\/\/ceu16.edu.mx\/educon\/wp-json\/wp\/v2\/types\/product"}],"replies":[{"embeddable":true,"href":"https:\/\/ceu16.edu.mx\/educon\/wp-json\/wp\/v2\/comments?post=4496"}],"wp:featuredmedia":[{"embeddable":true,"href":"https:\/\/ceu16.edu.mx\/educon\/wp-json\/wp\/v2\/media\/4497"}],"wp:attachment":[{"href":"https:\/\/ceu16.edu.mx\/educon\/wp-json\/wp\/v2\/media?parent=4496"}],"curies":[{"name":"wp","href":"https:\/\/api.w.org\/{rel}","templated":true}]}}