{"id":4531,"date":"2026-04-06T23:55:21","date_gmt":"2026-04-06T23:55:21","guid":{"rendered":"https:\/\/ceu16.edu.mx\/educon\/?post_type=product&#038;p=4531"},"modified":"2026-04-06T23:55:22","modified_gmt":"2026-04-06T23:55:22","slug":"programa-de-profesionalizacion-gestion-de-la-cadena-de-suministro-estandares-apics-cpim","status":"publish","type":"product","link":"https:\/\/ceu16.edu.mx\/educon\/producto\/programa-de-profesionalizacion-gestion-de-la-cadena-de-suministro-estandares-apics-cpim\/","title":{"rendered":"Programa de Profesionalizaci\u00f3n Gesti\u00f3n de la Cadena de Suministro: Est\u00e1ndares APICS CPIM"},"content":{"rendered":"<div class=\"et-l et-l--post\">\n\t\t\t<div class=\"et_builder_inner_content et_pb_gutters3\">\n\t\t\n\t\t<\/div><!-- .et_builder_inner_content -->\n\t<\/div><!-- .et-l -->\n\t","protected":false},"excerpt":{"rendered":"<p><b>Modalidad<\/b><span style=\"font-weight: 400;\">: Presencial<br \/>\n<\/span><b>Fecha i<\/b><b>nicio: <\/b><span style=\"font-weight: 400;\">25 de abril del 2026<br \/>\n<\/span><b>Fecha\u00a0 cierre:<\/b><span style=\"font-weight: 400;\"> 27 de junio del 2026<\/span><span style=\"font-weight: 400;\"><br \/>\n<\/span><span style=\"font-weight: 400;\"><strong>Martes a viernes<\/strong> 5:00 p.m\u00a0 a 10:00 p.m<\/span><span style=\"font-weight: 400;\"><br \/>\n<\/span><span style=\"font-weight: 400;\">sesiones hibridas<\/span><\/p>\n","protected":false},"featured_media":4532,"comment_status":"open","ping_status":"closed","template":"","meta":{"_et_pb_use_builder":"","_et_pb_old_content":"","_et_gb_content_width":"","spay_email":""},"_links":{"self":[{"href":"https:\/\/ceu16.edu.mx\/educon\/wp-json\/wp\/v2\/product\/4531"}],"collection":[{"href":"https:\/\/ceu16.edu.mx\/educon\/wp-json\/wp\/v2\/product"}],"about":[{"href":"https:\/\/ceu16.edu.mx\/educon\/wp-json\/wp\/v2\/types\/product"}],"replies":[{"embeddable":true,"href":"https:\/\/ceu16.edu.mx\/educon\/wp-json\/wp\/v2\/comments?post=4531"}],"wp:featuredmedia":[{"embeddable":true,"href":"https:\/\/ceu16.edu.mx\/educon\/wp-json\/wp\/v2\/media\/4532"}],"wp:attachment":[{"href":"https:\/\/ceu16.edu.mx\/educon\/wp-json\/wp\/v2\/media?parent=4531"}],"curies":[{"name":"wp","href":"https:\/\/api.w.org\/{rel}","templated":true}]}}