{"id":501,"date":"2021-06-12T00:33:42","date_gmt":"2021-06-12T00:33:42","guid":{"rendered":"https:\/\/ceu16.edu.mx\/educon\/?post_type=product&#038;p=501"},"modified":"2021-09-24T21:16:49","modified_gmt":"2021-09-24T21:16:49","slug":"taller-investigacion","status":"publish","type":"product","link":"https:\/\/ceu16.edu.mx\/educon\/producto\/taller-investigacion\/","title":{"rendered":"Taller de Investigaci\u00f3n"},"content":{"rendered":"<div class=\"et-l et-l--post\">\n\t\t\t<div class=\"et_builder_inner_content et_pb_gutters3\">\n\t\t<p>Acerca del docente:<\/p>\n<p>El Dr. Gendy del Rosario Castro Leyva cuenta con especialidad en el \u00e1rea de la educaci\u00f3n por el Instituto McLaren de Pedagog\u00eda Cr\u00edtica. Es dise\u00f1ador curricular de la Licenciatura en Ciencias de la Educaci\u00f3n, Licenciatura en Derecho, Licenciatura en Contadur\u00eda, Licenciatura en Mercadotecnia y Publicidad, Licenciatura en Administraci\u00f3n Industrial, Licenciatura en Administraci\u00f3n de Empresas, Maestr\u00eda en Alta Direcci\u00f3n, Maestr\u00eda en Educaci\u00f3n, Maestr\u00eda en Espa\u00f1ol, Maestr\u00eda en Matem\u00e1ticas, Maestr\u00eda en Ciencias Naturales, Maestr\u00eda en Artes, Maestr\u00eda en Derecho en Criminal\u00edstica, Maestr\u00edas en Derecho en Juicios Orales, Maestr\u00eda en Derecho en Civil y Familiar, Maestr\u00eda en Derecho con \u00c9nfasis en Derecho Penal, en Centro de Estudios Universitarios \u201c16 de Septiembre\u201d (CEU16). Actualmente es coordinador acad\u00e9mico en Grupo Educativo 16 de Septiembre y en el Departamento de Planeaci\u00f3n de Estructuras Educativas del Colegio de Estudios Cient\u00edficos y Tecnol\u00f3gicos del Estado de Baja California \u2013 Direcci\u00f3n General, CECYTE BC.<\/p>\n\n\t\t<\/div><!-- .et_builder_inner_content -->\n\t<\/div><!-- .et-l -->\n\t","protected":false},"excerpt":{"rendered":"<p>El prop\u00f3sito de este taller es desarrollar los puntos metodol\u00f3gicos de la investigaci\u00f3n para la construcci\u00f3n del Anteproyecto de Tesis.<\/p>\n<p><strong>MODALIDAD<\/strong>:<\/p>\n<p>ONLINE<\/p>\n<p><strong>COSTO<\/strong>:<br \/>\nSOLO ALUMNOS: 2000 M.N.<\/p>\n<p><strong>HORARIOS:<\/strong><\/p>\n<p>S\u00e1bados 10, 17, 24, 31 de julio y 7 de agosto, de 10:00 am a 1:00 pm<\/p>\n<p>&nbsp;<\/p>\n<p><b>I<em>ncluye: Material, Constancia, Certificaci\u00f3n DC3.<\/em><\/b><\/p>\n<div class=\"notranslate\" style=\"all: initial;\"><\/div>\n","protected":false},"featured_media":502,"comment_status":"open","ping_status":"closed","template":"","meta":{"_et_pb_use_builder":"","_et_pb_old_content":"","_et_gb_content_width":"","spay_email":""},"_links":{"self":[{"href":"https:\/\/ceu16.edu.mx\/educon\/wp-json\/wp\/v2\/product\/501"}],"collection":[{"href":"https:\/\/ceu16.edu.mx\/educon\/wp-json\/wp\/v2\/product"}],"about":[{"href":"https:\/\/ceu16.edu.mx\/educon\/wp-json\/wp\/v2\/types\/product"}],"replies":[{"embeddable":true,"href":"https:\/\/ceu16.edu.mx\/educon\/wp-json\/wp\/v2\/comments?post=501"}],"wp:featuredmedia":[{"embeddable":true,"href":"https:\/\/ceu16.edu.mx\/educon\/wp-json\/wp\/v2\/media\/502"}],"wp:attachment":[{"href":"https:\/\/ceu16.edu.mx\/educon\/wp-json\/wp\/v2\/media?parent=501"}],"curies":[{"name":"wp","href":"https:\/\/api.w.org\/{rel}","templated":true}]}}