{"id":829,"date":"2021-09-09T00:45:54","date_gmt":"2021-09-09T00:45:54","guid":{"rendered":"https:\/\/ceu16.edu.mx\/educon\/?post_type=product&#038;p=829"},"modified":"2023-11-28T22:31:41","modified_gmt":"2023-11-28T22:31:41","slug":"modelo-disney","status":"publish","type":"product","link":"https:\/\/ceu16.edu.mx\/educon\/producto\/modelo-disney\/","title":{"rendered":"Modelo Disney: Calidad de servicio basado en la compa\u00f1\u00eda m\u00e1s grande del mundo"},"content":{"rendered":"<div class=\"et-l et-l--post\">\n\t\t\t<div class=\"et_builder_inner_content et_pb_gutters3\">\n\t\t<p><b>Incluye: Materiales y Constancia Educaci\u00f3n Continua<\/b><\/p>\n\n\t\t<\/div><!-- .et_builder_inner_content -->\n\t<\/div><!-- .et-l -->\n\t","protected":false},"excerpt":{"rendered":"<p><b>Modalidad<\/b><span style=\"font-weight: 400;\">: Presencial<\/span><\/p>\n<p><span style=\"font-weight: 400;\"><strong>Fecha<\/strong>: S\u00e1bado 18 de marzo<\/span><\/p>\n<p><strong>Horario: <\/strong>9:00 am a 12:00 pm<\/p>\n","protected":false},"featured_media":830,"comment_status":"open","ping_status":"closed","template":"","meta":{"_et_pb_use_builder":"","_et_pb_old_content":"","_et_gb_content_width":"","spay_email":""},"_links":{"self":[{"href":"https:\/\/ceu16.edu.mx\/educon\/wp-json\/wp\/v2\/product\/829"}],"collection":[{"href":"https:\/\/ceu16.edu.mx\/educon\/wp-json\/wp\/v2\/product"}],"about":[{"href":"https:\/\/ceu16.edu.mx\/educon\/wp-json\/wp\/v2\/types\/product"}],"replies":[{"embeddable":true,"href":"https:\/\/ceu16.edu.mx\/educon\/wp-json\/wp\/v2\/comments?post=829"}],"wp:featuredmedia":[{"embeddable":true,"href":"https:\/\/ceu16.edu.mx\/educon\/wp-json\/wp\/v2\/media\/830"}],"wp:attachment":[{"href":"https:\/\/ceu16.edu.mx\/educon\/wp-json\/wp\/v2\/media?parent=829"}],"curies":[{"name":"wp","href":"https:\/\/api.w.org\/{rel}","templated":true}]}}