{"id":871,"date":"2021-09-30T23:34:22","date_gmt":"2021-09-30T23:34:22","guid":{"rendered":"https:\/\/ceu16.edu.mx\/educon\/?post_type=product&#038;p=871"},"modified":"2025-09-30T20:16:24","modified_gmt":"2025-09-30T20:16:24","slug":"soldadura-gmaw","status":"publish","type":"product","link":"https:\/\/ceu16.edu.mx\/educon\/producto\/soldadura-gmaw\/","title":{"rendered":"Taller Especializado &#8211; Introducci\u00f3n a la Soldadura GMAW"},"content":{"rendered":"<div class=\"et-l et-l--post\">\n\t\t\t<div class=\"et_builder_inner_content et_pb_gutters3\">\n\t\t\n\t\t<\/div><!-- .et_builder_inner_content -->\n\t<\/div><!-- .et-l -->\n\t","protected":false},"excerpt":{"rendered":"<p><b>Modalidad:<br \/>\n<\/b>Presencial<\/p>\n<p><span style=\"font-weight: 400;\"><strong>Horarios<\/strong>: <\/span><\/p>\n<p>Jueves 2 de octubre 2025 5:00 pm a 10:00 pm<br \/>\nJueves 9 de octubre 2025 5:00 pm a 10:00 pm<\/p>\n<p><strong>Objectivo:<\/strong><br \/>\n<span style=\"font-weight: 400;\">Q<\/span><span style=\"font-weight: 400;\">ue los participantes conozcan el proceso de soldadura de arco el\u00e9ctrico, m\u00e1quinas para soldar componentes y accesorios, as\u00ed como los electrodos b\u00e1sicos que se utilizan en la actualidad.<\/span><\/p>\n<p><strong>Incluye:<\/strong><br \/>\nConstancia con validez oficial.<\/p>\n","protected":false},"featured_media":3917,"comment_status":"open","ping_status":"closed","template":"","meta":{"_et_pb_use_builder":"","_et_pb_old_content":"","_et_gb_content_width":"","spay_email":""},"_links":{"self":[{"href":"https:\/\/ceu16.edu.mx\/educon\/wp-json\/wp\/v2\/product\/871"}],"collection":[{"href":"https:\/\/ceu16.edu.mx\/educon\/wp-json\/wp\/v2\/product"}],"about":[{"href":"https:\/\/ceu16.edu.mx\/educon\/wp-json\/wp\/v2\/types\/product"}],"replies":[{"embeddable":true,"href":"https:\/\/ceu16.edu.mx\/educon\/wp-json\/wp\/v2\/comments?post=871"}],"wp:featuredmedia":[{"embeddable":true,"href":"https:\/\/ceu16.edu.mx\/educon\/wp-json\/wp\/v2\/media\/3917"}],"wp:attachment":[{"href":"https:\/\/ceu16.edu.mx\/educon\/wp-json\/wp\/v2\/media?parent=871"}],"curies":[{"name":"wp","href":"https:\/\/api.w.org\/{rel}","templated":true}]}}