{"id":903,"date":"2021-10-08T22:41:15","date_gmt":"2021-10-08T22:41:15","guid":{"rendered":"https:\/\/ceu16.edu.mx\/educon\/?post_type=product&#038;p=903"},"modified":"2023-11-28T22:31:39","modified_gmt":"2023-11-28T22:31:39","slug":"central-esterilizacion","status":"publish","type":"product","link":"https:\/\/ceu16.edu.mx\/educon\/producto\/central-esterilizacion\/","title":{"rendered":"ACTUALIZACI\u00d3N EN LA CENTRAL ESTERILIZACI\u00d3N"},"content":{"rendered":"<div class=\"et-l et-l--post\">\n\t\t\t<div class=\"et_builder_inner_content et_pb_gutters3\">\n\t\t<p><b>OBJETIVO:\u00a0<\/b><\/p>\n<p><b>Que el personal de enfermer\u00eda, conozca la importancia del proceso de la Central de Esterilizaci\u00f3n ,con la finalidad de tener una herramienta \u00fatil que aumente la calidad de su actividad asistencial, de mejorar y fundamentar los procedimientos realizados y as\u00ed evitar y prevenir infecciones cruzadas en los pacientes vulnerables.<\/b><\/p>\n<p><b>Acerca de AMPE-COMPE<\/b><\/p>\n<p><b>Ambas tiene reconocimiento internacional\u00a0<\/b><\/p>\n<p><span style=\"font-weight: 400;\">Somos una asociaci\u00f3n dedicada a la educaci\u00f3n y difusi\u00f3n de buenas pr\u00e1cticas de esterilizaci\u00f3n y desinfecci\u00f3n en el \u00e1mbito de la salud.<\/span><\/p>\n<p><span style=\"font-weight: 400;\">Asociaci\u00f3n Mexicana de Profesionales en Esterilizaci\u00f3n. La Asociaci\u00f3n Mexicana de Profesionales en Esterilizaci\u00f3n (AMPE), es una agrupaci\u00f3n t\u00e9cnico-cient\u00edfica integrada por enfermeras(os), M\u00e9dicos, Odont\u00f3logos, y otros profesionales con inter\u00e9s en el campo de la esterilizaci\u00f3n de material m\u00e9dico y quir\u00fargico, ya sea en el \u00e1mbito industrial u hospitalario, que se forma a ra\u00edz de la necesidad de promover una mejor preparaci\u00f3n cient\u00edfica y t\u00e9cnica de todos sus miembros.<\/span><\/p>\n\n\t\t<\/div><!-- .et_builder_inner_content -->\n\t<\/div><!-- .et-l -->\n\t","protected":false},"excerpt":{"rendered":"<p>Modalidad:<strong> Presencial, Sala is\u00f3ptica.\u00a0<\/strong><\/p>\n<p>D\u00edas: <strong>4 y 5 de noviembre de 2021.<\/strong><\/p>\n<p>Incluye:<\/p>\n<p><strong>ENTREGA DE CONSTANCIAS.<\/strong><\/p>\n<p><strong>Valor curricular 16 horas<\/strong><\/p>\n<p>&nbsp;<\/p>\n<p>La seguridad del paciente exige actualizaci\u00f3n enfocada en las centrales de esterilizaci\u00f3n, con el objeto de disminuir el porcentaje de infecciones intrahospitalarias. Al respecto, la Central de Esterilizaci\u00f3n juega un papel determinante en el ambiente hospitalario, ya que es la responsable de procesar correctamente el material y equipo as\u00ed como dotar a todos los servicios cl\u00ednicos y quir\u00fargicos para contribuir al funcionamiento de estas \u00e1reas.<\/p>\n","protected":false},"featured_media":905,"comment_status":"open","ping_status":"closed","template":"","meta":{"_et_pb_use_builder":"","_et_pb_old_content":"","_et_gb_content_width":"","spay_email":""},"_links":{"self":[{"href":"https:\/\/ceu16.edu.mx\/educon\/wp-json\/wp\/v2\/product\/903"}],"collection":[{"href":"https:\/\/ceu16.edu.mx\/educon\/wp-json\/wp\/v2\/product"}],"about":[{"href":"https:\/\/ceu16.edu.mx\/educon\/wp-json\/wp\/v2\/types\/product"}],"replies":[{"embeddable":true,"href":"https:\/\/ceu16.edu.mx\/educon\/wp-json\/wp\/v2\/comments?post=903"}],"wp:featuredmedia":[{"embeddable":true,"href":"https:\/\/ceu16.edu.mx\/educon\/wp-json\/wp\/v2\/media\/905"}],"wp:attachment":[{"href":"https:\/\/ceu16.edu.mx\/educon\/wp-json\/wp\/v2\/media?parent=903"}],"curies":[{"name":"wp","href":"https:\/\/api.w.org\/{rel}","templated":true}]}}