{"id":908,"date":"2021-10-12T01:46:42","date_gmt":"2021-10-12T01:46:42","guid":{"rendered":"https:\/\/ceu16.edu.mx\/educon\/?post_type=product&#038;p=908"},"modified":"2023-11-28T22:31:39","modified_gmt":"2023-11-28T22:31:39","slug":"fusion-360","status":"publish","type":"product","link":"https:\/\/ceu16.edu.mx\/educon\/producto\/fusion-360\/","title":{"rendered":"Dise\u00f1o y modelado 3D fusi\u00f3n 360"},"content":{"rendered":"<div class=\"et-l et-l--post\">\n\t\t\t<div class=\"et_builder_inner_content et_pb_gutters3\">\n\t\t<p><strong>Acerca del docente:<\/strong><\/p>\n<p><strong>LDI. Gabriela L\u00f3pez Arredondo<\/strong><\/p>\n<p>Egresada de la Universidad Aut\u00f3noma de Baja California como Licenciada en Dise\u00f1o Industrial, con m\u00e1s de 4 a\u00f1os de experiencia en dise\u00f1o en tercera dimensi\u00f3n y su aplicaci\u00f3n en la industria educativa, industrial y art\u00edstica, conocimiento en maquinaria industrial de control num\u00e9rico y dise\u00f1o de experiencias virtuales.<\/p>\n\n\t\t<\/div><!-- .et_builder_inner_content -->\n\t<\/div><!-- .et-l -->\n\t","protected":false},"excerpt":{"rendered":"<p>Modalidad <span style=\"font-weight: 400;\"><strong>ONLINE<\/strong>\u00a0<\/span><\/p>\n<p>Fecha <strong>16\/Noviembre\/2021 a 25\/Noviembre\/2021 (2 Semanas)<\/strong><\/p>\n<p>Horario<br \/>\n<strong>Martes, mi\u00e9rcoles, jueves\u00a0 de 5:00 pm a 7:00 pm<\/strong><\/p>\n<p>Duraci\u00f3n<br \/>\n<strong>2 Semanas (<\/strong><strong>6 hrs por semana \/ <\/strong><strong>12 horas totales)<\/strong><\/p>\n<p><span style=\"font-weight: 400;\">El objetivo del taller de Dise\u00f1o y modelado 3D Fusion 360 consiste en capacitar a los participantes inscritos en el programa sobre el dise\u00f1o y modelado en tercera dimensi\u00f3n enfocado en la realizaci\u00f3n de objetos, piezas param\u00e9tricas, que requieran mucha precisi\u00f3n y destinadas a producci\u00f3n en masa para su maquinado.<\/span><\/p>\n<p><em><b>**Incluye: Material, Constancia.<\/b><\/em><\/p>\n","protected":false},"featured_media":909,"comment_status":"open","ping_status":"closed","template":"","meta":{"_et_pb_use_builder":"","_et_pb_old_content":"","_et_gb_content_width":"","spay_email":""},"_links":{"self":[{"href":"https:\/\/ceu16.edu.mx\/educon\/wp-json\/wp\/v2\/product\/908"}],"collection":[{"href":"https:\/\/ceu16.edu.mx\/educon\/wp-json\/wp\/v2\/product"}],"about":[{"href":"https:\/\/ceu16.edu.mx\/educon\/wp-json\/wp\/v2\/types\/product"}],"replies":[{"embeddable":true,"href":"https:\/\/ceu16.edu.mx\/educon\/wp-json\/wp\/v2\/comments?post=908"}],"wp:featuredmedia":[{"embeddable":true,"href":"https:\/\/ceu16.edu.mx\/educon\/wp-json\/wp\/v2\/media\/909"}],"wp:attachment":[{"href":"https:\/\/ceu16.edu.mx\/educon\/wp-json\/wp\/v2\/media?parent=908"}],"curies":[{"name":"wp","href":"https:\/\/api.w.org\/{rel}","templated":true}]}}