{"id":954,"date":"2021-10-27T21:39:49","date_gmt":"2021-10-27T21:39:49","guid":{"rendered":"https:\/\/ceu16.edu.mx\/educon\/?post_type=product&#038;p=954"},"modified":"2025-02-27T22:58:26","modified_gmt":"2025-02-27T22:58:26","slug":"blender","status":"publish","type":"product","link":"https:\/\/ceu16.edu.mx\/educon\/producto\/blender\/","title":{"rendered":"Dise\u00f1o 3D con Blender"},"content":{"rendered":"<div class=\"et-l et-l--post\">\n\t\t\t<div class=\"et_builder_inner_content et_pb_gutters3\">\n\t\t<p><b>Objetivos espec\u00edficos:<\/b><\/p>\n<ul>\n<li aria-level=\"1\">Generar valor agregado en los estudiantes participantes<\/li>\n<li aria-level=\"1\">Desarrollar habilidades cient\u00edfico &#8211; tecnol\u00f3gicas en los aspirantes para el desarrollo de proyectos con impacto en la industria local.<\/li>\n<li aria-level=\"1\">Desarrollar habilidades t\u00e9cnicas en relaci\u00f3n a los procesos de manufactura.<\/li>\n<li aria-level=\"1\">Ampliar las oportunidades laborales de los participantes y\/o estudiantes.<\/li>\n<\/ul>\n<p>&nbsp;<\/p>\n<p><b>Acerca del docente:\u00a0<\/b><\/p>\n<p><b>LDI. Gabriela L\u00f3pez Arredondo<\/b><\/p>\n<p>Egresada de la Universidad Aut\u00f3noma de Baja California como Licenciada en Dise\u00f1o Industrial, con m\u00e1s de 4 a\u00f1os de experiencia en dise\u00f1o en tercera dimensi\u00f3n y su aplicaci\u00f3n en la industria educativa, industrial y art\u00edstica, conocimiento en maquinaria industrial de control num\u00e9rico y dise\u00f1o de experiencias virtuales.<\/p>\n<p>&nbsp;<\/p>\n<p><b>TEMARIO:<\/b><\/p>\n<p>El participante conocer\u00e1 las bases del dise\u00f1o 3D y posteriormente la interfaz de la aplicaci\u00f3n Blender 2.9.<\/p>\n<ul>\n<li aria-level=\"1\">Introducci\u00f3n al dise\u00f1o 3D y primeros pasos<\/li>\n<li aria-level=\"1\">Conoce la interfaz gr\u00e1fica y sus shorcuts b\u00e1sicos.<\/li>\n<li aria-level=\"1\">Herramientas de modelado (loopcut, offset, etc)<\/li>\n<li aria-level=\"1\">Introducci\u00f3n al proyecto y principios de modelado<\/li>\n<li aria-level=\"1\">Aplicando color y texturas<\/li>\n<li aria-level=\"1\">Iluminaci\u00f3n y c\u00e1mara<\/li>\n<li aria-level=\"1\">Renderizado<\/li>\n<\/ul>\n\n\t\t<\/div><!-- .et_builder_inner_content -->\n\t<\/div><!-- .et-l -->\n\t","protected":false},"excerpt":{"rendered":"<p><b>Modalidad<\/b>:\u00a0 PRESENCIAL<\/p>\n<p><b>Fecha de Inicio:<\/b> Martes 30 de Noviembre<\/p>\n<p><b>Fecha de terminaci\u00f3n: <\/b>Jueves 09 de Diciembre<\/p>\n<p><b>HORARIOS:<\/b><\/p>\n<p>MARTES Y JUEVES 5:00 A 7:00 PM<\/p>\n<p>&nbsp;<\/p>\n<p>El objetivo del taller de dise\u00f1o 3D con Blender consiste en capacitar a los participantes inscritos en el programa sobre el dise\u00f1o y modelado en tercera dimensi\u00f3n m\u00e1s enfocado a creaci\u00f3n de personajes u objetos para la programaci\u00f3n y desarrollo de videojuegos como uno de los programas m\u00e1s utilizados en la industria del dise\u00f1o y los videojuegos.<\/p>\n<p>&nbsp;<\/p>\n<p><em><b>**Incluye: Material, Constancia<\/b><\/em><\/p>\n","protected":false},"featured_media":955,"comment_status":"open","ping_status":"closed","template":"","meta":{"_et_pb_use_builder":"","_et_pb_old_content":"","_et_gb_content_width":"","spay_email":""},"_links":{"self":[{"href":"https:\/\/ceu16.edu.mx\/educon\/wp-json\/wp\/v2\/product\/954"}],"collection":[{"href":"https:\/\/ceu16.edu.mx\/educon\/wp-json\/wp\/v2\/product"}],"about":[{"href":"https:\/\/ceu16.edu.mx\/educon\/wp-json\/wp\/v2\/types\/product"}],"replies":[{"embeddable":true,"href":"https:\/\/ceu16.edu.mx\/educon\/wp-json\/wp\/v2\/comments?post=954"}],"wp:featuredmedia":[{"embeddable":true,"href":"https:\/\/ceu16.edu.mx\/educon\/wp-json\/wp\/v2\/media\/955"}],"wp:attachment":[{"href":"https:\/\/ceu16.edu.mx\/educon\/wp-json\/wp\/v2\/media?parent=954"}],"curies":[{"name":"wp","href":"https:\/\/api.w.org\/{rel}","templated":true}]}}